{"id":1412,"date":"2021-09-24T08:49:52","date_gmt":"2021-09-24T06:49:52","guid":{"rendered":"https:\/\/zebraneo.hu\/?page_id=1412"},"modified":"2024-06-28T10:33:19","modified_gmt":"2024-06-28T08:33:19","slug":"szechenyi","status":"publish","type":"page","link":"https:\/\/zebraneo.hu\/index.php\/szechenyi\/","title":{"rendered":"szechenyi"},"content":{"rendered":"\t\t<div data-elementor-type=\"wp-page\" data-elementor-id=\"1412\" class=\"elementor elementor-1412\">\n\t\t\t\t\t\t<section class=\"elementor-section elementor-top-section elementor-element elementor-element-932dc3d elementor-section-boxed elementor-section-height-default elementor-section-height-default\" data-id=\"932dc3d\" data-element_type=\"section\" data-e-type=\"section\">\n\t\t\t\t\t\t<div class=\"elementor-container elementor-column-gap-default\">\n\t\t\t\t\t<div class=\"elementor-column elementor-col-100 elementor-top-column elementor-element elementor-element-e3f12c4\" data-id=\"e3f12c4\" data-element_type=\"column\" data-e-type=\"column\">\n\t\t\t<div class=\"elementor-widget-wrap elementor-element-populated\">\n\t\t\t\t\t\t<div class=\"elementor-element elementor-element-3b1b19a elementor-widget elementor-widget-spacer\" data-id=\"3b1b19a\" data-element_type=\"widget\" data-e-type=\"widget\" data-widget_type=\"spacer.default\">\n\t\t\t\t<div class=\"elementor-widget-container\">\n\t\t\t\t\t\t\t<div class=\"elementor-spacer\">\n\t\t\t<div class=\"elementor-spacer-inner\"><\/div>\n\t\t<\/div>\n\t\t\t\t\t\t<\/div>\n\t\t\t\t<\/div>\n\t\t\t\t<div class=\"elementor-element elementor-element-9868940 elementor-widget elementor-widget-heading\" data-id=\"9868940\" data-element_type=\"widget\" data-e-type=\"widget\" data-widget_type=\"heading.default\">\n\t\t\t\t<div class=\"elementor-widget-container\">\n\t\t\t\t\t<h2 class=\"elementor-heading-title elementor-size-default\">Sz\u00e9chenyi 2020 p\u00e1ly\u00e1zatok<\/h2>\t\t\t\t<\/div>\n\t\t\t\t<\/div>\n\t\t\t\t<div class=\"elementor-element elementor-element-a9e3600 elementor-widget elementor-widget-spacer\" data-id=\"a9e3600\" data-element_type=\"widget\" data-e-type=\"widget\" data-widget_type=\"spacer.default\">\n\t\t\t\t<div class=\"elementor-widget-container\">\n\t\t\t\t\t\t\t<div class=\"elementor-spacer\">\n\t\t\t<div class=\"elementor-spacer-inner\"><\/div>\n\t\t<\/div>\n\t\t\t\t\t\t<\/div>\n\t\t\t\t<\/div>\n\t\t\t\t\t<\/div>\n\t\t<\/div>\n\t\t\t\t\t<\/div>\n\t\t<\/section>\n\t\t\t\t<section class=\"elementor-section elementor-top-section elementor-element elementor-element-3bca16c elementor-section-content-middle elementor-section-boxed elementor-section-height-default elementor-section-height-default\" data-id=\"3bca16c\" data-element_type=\"section\" data-e-type=\"section\">\n\t\t\t\t\t\t<div class=\"elementor-container elementor-column-gap-default\">\n\t\t\t\t\t<div class=\"elementor-column elementor-col-50 elementor-top-column elementor-element elementor-element-1882b32\" data-id=\"1882b32\" data-element_type=\"column\" data-e-type=\"column\">\n\t\t\t<div class=\"elementor-widget-wrap elementor-element-populated\">\n\t\t\t\t\t\t<div class=\"elementor-element elementor-element-47202bb elementor-widget elementor-widget-image\" data-id=\"47202bb\" data-element_type=\"widget\" data-e-type=\"widget\" data-widget_type=\"image.default\">\n\t\t\t\t<div class=\"elementor-widget-container\">\n\t\t\t\t\t\t\t\t\t\t\t\t\t\t\t<img fetchpriority=\"high\" decoding=\"async\" width=\"800\" height=\"587\" src=\"https:\/\/zebraneo.hu\/wp-content\/uploads\/2021\/09\/01-1024x751.png\" class=\"attachment-large size-large wp-image-1421\" alt=\"\" srcset=\"https:\/\/zebraneo.hu\/wp-content\/uploads\/2021\/09\/01-1024x751.png 1024w, https:\/\/zebraneo.hu\/wp-content\/uploads\/2021\/09\/01-300x220.png 300w, https:\/\/zebraneo.hu\/wp-content\/uploads\/2021\/09\/01-768x563.png 768w, https:\/\/zebraneo.hu\/wp-content\/uploads\/2021\/09\/01.png 1161w\" sizes=\"(max-width: 800px) 100vw, 800px\" \/>\t\t\t\t\t\t\t\t\t\t\t\t\t\t\t<\/div>\n\t\t\t\t<\/div>\n\t\t\t\t<div class=\"elementor-element elementor-element-3830331 elementor-widget elementor-widget-spacer\" data-id=\"3830331\" data-element_type=\"widget\" data-e-type=\"widget\" data-widget_type=\"spacer.default\">\n\t\t\t\t<div class=\"elementor-widget-container\">\n\t\t\t\t\t\t\t<div class=\"elementor-spacer\">\n\t\t\t<div class=\"elementor-spacer-inner\"><\/div>\n\t\t<\/div>\n\t\t\t\t\t\t<\/div>\n\t\t\t\t<\/div>\n\t\t\t\t\t<\/div>\n\t\t<\/div>\n\t\t\t\t<div class=\"elementor-column elementor-col-50 elementor-top-column elementor-element elementor-element-9a56a5c\" data-id=\"9a56a5c\" data-element_type=\"column\" data-e-type=\"column\">\n\t\t\t<div class=\"elementor-widget-wrap elementor-element-populated\">\n\t\t\t\t\t\t<div class=\"elementor-element elementor-element-ae591f7 elementor-widget elementor-widget-text-editor\" data-id=\"ae591f7\" data-element_type=\"widget\" data-e-type=\"widget\" data-widget_type=\"text-editor.default\">\n\t\t\t\t<div class=\"elementor-widget-container\">\n\t\t\t\t\t\t\t\t\t<p>Kedvezm\u00e9nyezett neve:&nbsp;ZEBRA NEO 2014 KFT.<\/p>\n<p>A projekt c\u00edme:&nbsp;&#8221; <b>Munkahelyi k\u00e9pz\u00e9sek t\u00e1mogat\u00e1sa a ZEBRA NEO 2014 Kft-n\u00e9l<\/b>&#8222;<\/p>\n<p>A szerz\u0151d\u00f6tt t\u00e1mogat\u00e1s \u00f6sszege:&nbsp;23&nbsp;300 000 Ft<br>\nA t\u00e1mogat\u00e1s m\u00e9rt\u00e9ke:&nbsp;100 %<br>\nA projekt befejez\u00e9si d\u00e1tuma 2020 augusztus 21.<br>\nA projekt azonos\u00edt\u00f3sz\u00e1ma:&nbsp;GINOP-6.1.6-17-2018-00533<\/p>\n<p><strong>A projekt tartalm\u00e1nak bemutat\u00e1sa:<\/strong><\/p>\n<p>A v\u00e1llalkoz\u00e1s \u00e9let\u00e9ben kiemelt szerepet jelent a munkav\u00e1llal\u00f3k koh\u00e9zi\u00f3ja, a hum\u00e1n er\u0151forr\u00e1s k\u00e9pes\u00edt\u00e9se \u00e9s fejleszt\u00e9se, illetve az informatika ismeretek b\u0151v\u00edt\u00e9se. Ez\u00e9rt a projekt keret\u00e9ben az al\u00e1bbi k\u00e9pz\u00e9seket folytattuk le:<\/p>\n<ul>\n<li>Hat\u00e9kony kommunik\u00e1ci\u00f3 \u00e9s kommunik\u00e1ci\u00f3s gyakorlatok<\/li>\n<li>Hat\u00e9kony id\u0151gazd\u00e1lkod\u00e1s<\/li>\n<li>Egy\u00fcttm\u0171k\u00f6d\u00e9si technik\u00e1k fejleszt\u00e9se<\/li>\n<li>Stressz- \u00e9s konfliktuskezel\u00e9s<\/li>\n<li>Ipar 4. 0 Felk\u00e9sz\u00fcl\u00e9s<\/li>\n<li>Adatb\u00e1ziskezel\u00e9s<\/li>\n<\/ul>\n<strong>A projekt megval\u00f3sul\u00e1sa:<\/strong>\n<p>C\u00e9g\u00fcnk egy t\u00f6bb h\u00e9tv\u00e9g\u00e9n lezajlott, k\u00fcl\u00f6nf\u00e9le tematik\u00e1kat \u00e1t\u00f6lel\u0151 oktat\u00e1sokon vett r\u00e9szt, v\u00e1ltoz\u00f3 l\u00e9tsz\u00e1mmal.\nTapasztalatunk szerint siker\u00fclt a koll\u00e9g\u00e1k tud\u00e1s\u00e1t elm\u00e9ly\u00edteni, valamint kommunik\u00e1ci\u00f3ban nagym\u00e9rt\u00e9kben fejl\u0151dtek. K\u00fcl\u00f6n\u00f6sen \u00f6r\u00fclt\u00fcnk a gener\u00e1ci\u00f3s \u201cszakad\u00e9kok\u201d felsz\u00e1mol\u00e1s\u00e1nak. Siker\u00fclt egy olyan p\u00e1rbesz\u00e9det kialak\u00edtani, ahol t\u00f6bb \u00e9vtizednyi kork\u00fcl\u00f6nbs\u00e9gb\u0151l ad\u00f3d\u00f3 v\u00e9lem\u00e9nyk\u00fcl\u00f6nbs\u00e9gek k\u00f6zeledtek egym\u00e1shoz.\t\t\t\t\t\t\t\t<\/div>\n\t\t\t\t<\/div>\n\t\t\t\t\t<\/div>\n\t\t<\/div>\n\t\t\t\t\t<\/div>\n\t\t<\/section>\n\t\t\t\t<section class=\"elementor-section elementor-top-section elementor-element elementor-element-b673cd5 elementor-section-boxed elementor-section-height-default elementor-section-height-default\" data-id=\"b673cd5\" data-element_type=\"section\" data-e-type=\"section\">\n\t\t\t\t\t\t<div class=\"elementor-container elementor-column-gap-default\">\n\t\t\t\t\t<div class=\"elementor-column elementor-col-100 elementor-top-column elementor-element elementor-element-45c3324\" data-id=\"45c3324\" data-element_type=\"column\" data-e-type=\"column\">\n\t\t\t<div class=\"elementor-widget-wrap elementor-element-populated\">\n\t\t\t\t\t\t<div class=\"elementor-element elementor-element-6681821 elementor-widget elementor-widget-spacer\" data-id=\"6681821\" data-element_type=\"widget\" data-e-type=\"widget\" data-widget_type=\"spacer.default\">\n\t\t\t\t<div class=\"elementor-widget-container\">\n\t\t\t\t\t\t\t<div class=\"elementor-spacer\">\n\t\t\t<div class=\"elementor-spacer-inner\"><\/div>\n\t\t<\/div>\n\t\t\t\t\t\t<\/div>\n\t\t\t\t<\/div>\n\t\t\t\t\t<\/div>\n\t\t<\/div>\n\t\t\t\t\t<\/div>\n\t\t<\/section>\n\t\t\t\t<section class=\"elementor-section elementor-top-section elementor-element elementor-element-d64cc0a elementor-section-boxed elementor-section-height-default elementor-section-height-default\" data-id=\"d64cc0a\" data-element_type=\"section\" data-e-type=\"section\">\n\t\t\t\t\t\t<div class=\"elementor-container elementor-column-gap-default\">\n\t\t\t\t\t<div class=\"elementor-column elementor-col-50 elementor-top-column elementor-element elementor-element-eb46886\" data-id=\"eb46886\" data-element_type=\"column\" data-e-type=\"column\">\n\t\t\t<div class=\"elementor-widget-wrap elementor-element-populated\">\n\t\t\t\t\t\t<div class=\"elementor-element elementor-element-68d0a36 elementor-widget elementor-widget-image\" data-id=\"68d0a36\" data-element_type=\"widget\" data-e-type=\"widget\" data-widget_type=\"image.default\">\n\t\t\t\t<div class=\"elementor-widget-container\">\n\t\t\t\t\t\t\t\t\t\t\t\t\t\t\t<img decoding=\"async\" width=\"800\" height=\"583\" src=\"https:\/\/zebraneo.hu\/wp-content\/uploads\/2021\/09\/03-1024x746.png\" class=\"attachment-large size-large wp-image-1419\" alt=\"\" srcset=\"https:\/\/zebraneo.hu\/wp-content\/uploads\/2021\/09\/03-1024x746.png 1024w, https:\/\/zebraneo.hu\/wp-content\/uploads\/2021\/09\/03-300x219.png 300w, https:\/\/zebraneo.hu\/wp-content\/uploads\/2021\/09\/03-768x560.png 768w, https:\/\/zebraneo.hu\/wp-content\/uploads\/2021\/09\/03.png 1161w\" sizes=\"(max-width: 800px) 100vw, 800px\" \/>\t\t\t\t\t\t\t\t\t\t\t\t\t\t\t<\/div>\n\t\t\t\t<\/div>\n\t\t\t\t\t<\/div>\n\t\t<\/div>\n\t\t\t\t<div class=\"elementor-column elementor-col-50 elementor-top-column elementor-element elementor-element-8b1a327\" data-id=\"8b1a327\" data-element_type=\"column\" data-e-type=\"column\">\n\t\t\t<div class=\"elementor-widget-wrap elementor-element-populated\">\n\t\t\t\t\t\t<div class=\"elementor-element elementor-element-52d0a49 elementor-widget elementor-widget-text-editor\" data-id=\"52d0a49\" data-element_type=\"widget\" data-e-type=\"widget\" data-widget_type=\"text-editor.default\">\n\t\t\t\t<div class=\"elementor-widget-container\">\n\t\t\t\t\t\t\t\t\t<p class=\"x_MsoNormal\">Kedvezm\u00e9nyezett neve:\u00a0ZEBRA NEO 2014 KFT.<\/p><p class=\"x_MsoNormal\">A projekt c\u00edme:\u00a0&#8222;<b>Gyakornoki program a Zebra Neo 2014 Kft-n\u00e9l<\/b>&#8222;<\/p><p class=\"x_MsoNormal\">A szerz\u0151d\u00f6tt t\u00e1mogat\u00e1s \u00f6sszege:\u00a06 720\u00a0000 Ft<br \/>A t\u00e1mogat\u00e1s m\u00e9rt\u00e9ke:\u00a0100 %<br \/>A projekt befejez\u00e9si d\u00e1tuma:\u00a02020.10.03<br \/>A projekt azonos\u00edt\u00f3sz\u00e1ma:\u00a0GINOP-5.2.4-19-2020-00220<\/p><p class=\"x_MsoNormal\"><strong>A projekt tartalm\u00e1nak bemutat\u00e1sa:\u00a0<\/strong><\/p><p class=\"x_MsoNormal\">A v\u00e1llalkoz\u00e1s folyamatos fejleszt\u00e9s\u00e9hez elengedhetetlen a l\u00e9tsz\u00e1mb\u0151v\u00edt\u00e9s. Fejleszt\u00e9s\u00fcnk sor\u00e1n nagy hangs\u00falyt \u00e9s energi\u00e1t fektet\u00fcnk arra, hogy a v\u00e1llalati arculatunkkal szinkronban, magunk k\u00e9pezz\u00fck \u00e9s tan\u00edtsuk a p\u00e1lyakezd\u0151ket.<\/p><p class=\"x_MsoNormal\"><strong>A projekt megval\u00f3sul\u00e1sa:<\/strong><\/p><p class=\"x_MsoNormal\">A projekt megval\u00f3sul\u00e1sa sor\u00e1n 2 f\u0151\u00a0p\u00e1lyakezd\u0151t siker\u00fclt v\u00e1llalkoz\u00e1sunk munkat\u00e1rsai k\u00f6z\u00e9 beilleszteni. Munkaerej\u00fck elengedhetetlen a c\u00e9g jelenlegi munkafolyamatainak g\u00f6rd\u00fcl\u00e9keny m\u0171k\u00f6d\u00e9s\u00e9hez, ehhez sz\u00fcks\u00e9g volt a p\u00e1ly\u00e1zat \u00e1ltal ny\u00fajtott forr\u00e1sok felhaszn\u00e1l\u00e1s\u00e1ra.<\/p>\t\t\t\t\t\t\t\t<\/div>\n\t\t\t\t<\/div>\n\t\t\t\t\t<\/div>\n\t\t<\/div>\n\t\t\t\t\t<\/div>\n\t\t<\/section>\n\t\t\t\t<section class=\"elementor-section elementor-top-section elementor-element elementor-element-c32225e elementor-section-boxed elementor-section-height-default elementor-section-height-default\" data-id=\"c32225e\" data-element_type=\"section\" data-e-type=\"section\">\n\t\t\t\t\t\t<div class=\"elementor-container elementor-column-gap-default\">\n\t\t\t\t\t<div class=\"elementor-column elementor-col-100 elementor-top-column elementor-element elementor-element-97edbd2\" data-id=\"97edbd2\" data-element_type=\"column\" data-e-type=\"column\">\n\t\t\t<div class=\"elementor-widget-wrap elementor-element-populated\">\n\t\t\t\t\t\t<div class=\"elementor-element elementor-element-ccdabdf elementor-widget elementor-widget-spacer\" data-id=\"ccdabdf\" data-element_type=\"widget\" data-e-type=\"widget\" data-widget_type=\"spacer.default\">\n\t\t\t\t<div class=\"elementor-widget-container\">\n\t\t\t\t\t\t\t<div class=\"elementor-spacer\">\n\t\t\t<div class=\"elementor-spacer-inner\"><\/div>\n\t\t<\/div>\n\t\t\t\t\t\t<\/div>\n\t\t\t\t<\/div>\n\t\t\t\t\t<\/div>\n\t\t<\/div>\n\t\t\t\t\t<\/div>\n\t\t<\/section>\n\t\t\t\t<section class=\"elementor-section elementor-top-section elementor-element elementor-element-7718a0f elementor-section-boxed elementor-section-height-default elementor-section-height-default\" data-id=\"7718a0f\" data-element_type=\"section\" data-e-type=\"section\">\n\t\t\t\t\t\t<div class=\"elementor-container elementor-column-gap-default\">\n\t\t\t\t\t<div class=\"elementor-column elementor-col-50 elementor-top-column elementor-element elementor-element-aa28379\" data-id=\"aa28379\" data-element_type=\"column\" data-e-type=\"column\">\n\t\t\t<div class=\"elementor-widget-wrap elementor-element-populated\">\n\t\t\t\t\t\t<div class=\"elementor-element elementor-element-7866483 elementor-widget elementor-widget-image\" data-id=\"7866483\" data-element_type=\"widget\" data-e-type=\"widget\" data-widget_type=\"image.default\">\n\t\t\t\t<div class=\"elementor-widget-container\">\n\t\t\t\t\t\t\t\t\t\t\t\t\t\t\t<img decoding=\"async\" width=\"800\" height=\"584\" src=\"https:\/\/zebraneo.hu\/wp-content\/uploads\/2021\/09\/02-1024x748.png\" class=\"attachment-large size-large wp-image-1418\" alt=\"\" srcset=\"https:\/\/zebraneo.hu\/wp-content\/uploads\/2021\/09\/02-1024x748.png 1024w, https:\/\/zebraneo.hu\/wp-content\/uploads\/2021\/09\/02-300x219.png 300w, https:\/\/zebraneo.hu\/wp-content\/uploads\/2021\/09\/02-768x561.png 768w, https:\/\/zebraneo.hu\/wp-content\/uploads\/2021\/09\/02.png 1160w\" sizes=\"(max-width: 800px) 100vw, 800px\" \/>\t\t\t\t\t\t\t\t\t\t\t\t\t\t\t<\/div>\n\t\t\t\t<\/div>\n\t\t\t\t\t<\/div>\n\t\t<\/div>\n\t\t\t\t<div class=\"elementor-column elementor-col-50 elementor-top-column elementor-element elementor-element-b0f1fef\" data-id=\"b0f1fef\" data-element_type=\"column\" data-e-type=\"column\">\n\t\t\t<div class=\"elementor-widget-wrap elementor-element-populated\">\n\t\t\t\t\t\t<div class=\"elementor-element elementor-element-88418d7 elementor-widget elementor-widget-text-editor\" data-id=\"88418d7\" data-element_type=\"widget\" data-e-type=\"widget\" data-widget_type=\"text-editor.default\">\n\t\t\t\t<div class=\"elementor-widget-container\">\n\t\t\t\t\t\t\t\t\t<p class=\"x_MsoNormal\">Kedvezm\u00e9nyezett neve: ZEBRA NEO 2014 KFT.<\/p><p class=\"x_MsoNormal\">A projekt c\u00edme: &#8222;<b>Gyakornoki program a Zebra Neo 2014 Kft-n\u00e9l<\/b>&#8222;<\/p><p class=\"x_MsoNormal\">A szerz\u0151d\u00f6tt t\u00e1mogat\u00e1s \u00f6sszege: 8 887 400 Ft<br \/>A t\u00e1mogat\u00e1s m\u00e9rt\u00e9ke: 100 %<br \/>A projekt befejez\u00e9si d\u00e1tuma: 2018. december<br \/>A projekt azonos\u00edt\u00f3sz\u00e1ma: GINOP-5.2.4-16-2016-01240<\/p><p class=\"x_MsoNormal\"><strong>A projekt tartalm\u00e1nak bemutat\u00e1sa:\u00a0<\/strong><\/p><p class=\"x_MsoNormal\">A v\u00e1llalkoz\u00e1s folyamatos fejleszt\u00e9s\u00e9hez elengedhetetlen a l\u00e9tsz\u00e1mb\u0151v\u00edt\u00e9s. Fejleszt\u00e9s\u00fcnk sor\u00e1n nagy hangs\u00falyt \u00e9s energi\u00e1t fektet\u00fcnk arra, hogy a v\u00e1llalati arculatunkkal szinkronban, magunk k\u00e9pezz\u00fck \u00e9s tan\u00edtsuk a p\u00e1lyakezd\u0151ket.<\/p><p class=\"x_MsoNormal\"><strong>A projekt megval\u00f3sul\u00e1sa:<\/strong><\/p><p class=\"x_MsoNormal\">A projekt megval\u00f3sul\u00e1sa sor\u00e1n 3 f\u0151 p\u00e1lyakezd\u0151t siker\u00fclt v\u00e1llalkoz\u00e1sunk munkat\u00e1rsai k\u00f6z\u00e9 beilleszteni. Munkaerej\u00fck elengedhetetlen a c\u00e9g jelenlegi munkafolyamatainak g\u00f6rd\u00fcl\u00e9keny m\u0171k\u00f6d\u00e9s\u00e9hez, ehhez sz\u00fcks\u00e9g volt a p\u00e1ly\u00e1zat \u00e1ltal ny\u00fajtott forr\u00e1sok felhaszn\u00e1l\u00e1s\u00e1ra<\/p>\t\t\t\t\t\t\t\t<\/div>\n\t\t\t\t<\/div>\n\t\t\t\t\t<\/div>\n\t\t<\/div>\n\t\t\t\t\t<\/div>\n\t\t<\/section>\n\t\t\t\t<section class=\"elementor-section elementor-top-section elementor-element elementor-element-14fc107 elementor-section-boxed elementor-section-height-default elementor-section-height-default\" data-id=\"14fc107\" data-element_type=\"section\" data-e-type=\"section\">\n\t\t\t\t\t\t<div class=\"elementor-container elementor-column-gap-default\">\n\t\t\t\t\t<div class=\"elementor-column elementor-col-100 elementor-top-column elementor-element elementor-element-5768a7f\" data-id=\"5768a7f\" data-element_type=\"column\" data-e-type=\"column\">\n\t\t\t<div class=\"elementor-widget-wrap elementor-element-populated\">\n\t\t\t\t\t\t<div class=\"elementor-element elementor-element-7a63e20 elementor-widget elementor-widget-spacer\" data-id=\"7a63e20\" data-element_type=\"widget\" data-e-type=\"widget\" data-widget_type=\"spacer.default\">\n\t\t\t\t<div class=\"elementor-widget-container\">\n\t\t\t\t\t\t\t<div class=\"elementor-spacer\">\n\t\t\t<div class=\"elementor-spacer-inner\"><\/div>\n\t\t<\/div>\n\t\t\t\t\t\t<\/div>\n\t\t\t\t<\/div>\n\t\t\t\t\t<\/div>\n\t\t<\/div>\n\t\t\t\t\t<\/div>\n\t\t<\/section>\n\t\t\t\t<\/div>\n\t\t","protected":false},"excerpt":{"rendered":"<p>Sz\u00e9chenyi 2020 p\u00e1ly\u00e1zatok Kedvezm\u00e9nyezett neve:&nbsp;ZEBRA NEO 2014 KFT. A projekt c\u00edme:&nbsp;&#8221; Munkahelyi k\u00e9pz\u00e9sek t\u00e1mogat\u00e1sa a ZEBRA NEO 2014 Kft-n\u00e9l&#8222; A szerz\u0151d\u00f6tt t\u00e1mogat\u00e1s \u00f6sszege:&nbsp;23&nbsp;300 000 Ft A t\u00e1mogat\u00e1s m\u00e9rt\u00e9ke:&nbsp;100 % A projekt befejez\u00e9si d\u00e1tuma 2020 augusztus 21. A projekt azonos\u00edt\u00f3sz\u00e1ma:&nbsp;GINOP-6.1.6-17-2018-00533 A projekt tartalm\u00e1nak bemutat\u00e1sa: A v\u00e1llalkoz\u00e1s \u00e9let\u00e9ben kiemelt szerepet jelent a munkav\u00e1llal\u00f3k koh\u00e9zi\u00f3ja, a hum\u00e1n er\u0151forr\u00e1s [&hellip;]<\/p>\n","protected":false},"author":1,"featured_media":0,"parent":0,"menu_order":0,"comment_status":"closed","ping_status":"closed","template":"","meta":{"footnotes":""},"class_list":["post-1412","page","type-page","status-publish","hentry"],"_links":{"self":[{"href":"https:\/\/zebraneo.hu\/index.php\/wp-json\/wp\/v2\/pages\/1412","targetHints":{"allow":["GET"]}}],"collection":[{"href":"https:\/\/zebraneo.hu\/index.php\/wp-json\/wp\/v2\/pages"}],"about":[{"href":"https:\/\/zebraneo.hu\/index.php\/wp-json\/wp\/v2\/types\/page"}],"author":[{"embeddable":true,"href":"https:\/\/zebraneo.hu\/index.php\/wp-json\/wp\/v2\/users\/1"}],"replies":[{"embeddable":true,"href":"https:\/\/zebraneo.hu\/index.php\/wp-json\/wp\/v2\/comments?post=1412"}],"version-history":[{"count":0,"href":"https:\/\/zebraneo.hu\/index.php\/wp-json\/wp\/v2\/pages\/1412\/revisions"}],"wp:attachment":[{"href":"https:\/\/zebraneo.hu\/index.php\/wp-json\/wp\/v2\/media?parent=1412"}],"curies":[{"name":"wp","href":"https:\/\/api.w.org\/{rel}","templated":true}]}}