{"id":76,"date":"2021-07-12T13:23:01","date_gmt":"2021-07-12T11:23:01","guid":{"rendered":"http:\/\/zebraneo.mongouse.hu\/?page_id=76"},"modified":"2021-09-01T14:50:57","modified_gmt":"2021-09-01T12:50:57","slug":"karrier","status":"publish","type":"page","link":"https:\/\/zebraneo.hu\/index.php\/karrier\/","title":{"rendered":"Karrier"},"content":{"rendered":"\t\t<div data-elementor-type=\"wp-page\" data-elementor-id=\"76\" class=\"elementor elementor-76\">\n\t\t\t\t\t\t<section class=\"elementor-section elementor-top-section elementor-element elementor-element-542ab3b elementor-section-full_width elementor-section-height-default elementor-section-height-default\" data-id=\"542ab3b\" data-element_type=\"section\" data-e-type=\"section\" data-settings=\"{&quot;background_background&quot;:&quot;classic&quot;}\">\n\t\t\t\t\t\t<div class=\"elementor-container elementor-column-gap-default\">\n\t\t\t\t\t<div class=\"elementor-column elementor-col-100 elementor-top-column elementor-element elementor-element-67263eb\" data-id=\"67263eb\" data-element_type=\"column\" data-e-type=\"column\">\n\t\t\t<div class=\"elementor-widget-wrap elementor-element-populated\">\n\t\t\t\t\t\t<div class=\"elementor-element elementor-element-e1d4a82 elementor-widget elementor-widget-spacer\" data-id=\"e1d4a82\" data-element_type=\"widget\" data-e-type=\"widget\" data-widget_type=\"spacer.default\">\n\t\t\t\t<div class=\"elementor-widget-container\">\n\t\t\t\t\t\t\t<div class=\"elementor-spacer\">\n\t\t\t<div class=\"elementor-spacer-inner\"><\/div>\n\t\t<\/div>\n\t\t\t\t\t\t<\/div>\n\t\t\t\t<\/div>\n\t\t\t\t\t<\/div>\n\t\t<\/div>\n\t\t\t\t\t<\/div>\n\t\t<\/section>\n\t\t\t\t<section class=\"elementor-section elementor-top-section elementor-element elementor-element-d8fa53a elementor-section-boxed elementor-section-height-default elementor-section-height-default\" data-id=\"d8fa53a\" data-element_type=\"section\" data-e-type=\"section\">\n\t\t\t\t\t\t<div class=\"elementor-container elementor-column-gap-default\">\n\t\t\t\t\t<div class=\"elementor-column elementor-col-100 elementor-top-column elementor-element elementor-element-fa67d91\" data-id=\"fa67d91\" data-element_type=\"column\" data-e-type=\"column\">\n\t\t\t<div class=\"elementor-widget-wrap elementor-element-populated\">\n\t\t\t\t\t\t<div class=\"elementor-element elementor-element-5616762 elementor-widget elementor-widget-spacer\" data-id=\"5616762\" data-element_type=\"widget\" data-e-type=\"widget\" data-widget_type=\"spacer.default\">\n\t\t\t\t<div class=\"elementor-widget-container\">\n\t\t\t\t\t\t\t<div class=\"elementor-spacer\">\n\t\t\t<div class=\"elementor-spacer-inner\"><\/div>\n\t\t<\/div>\n\t\t\t\t\t\t<\/div>\n\t\t\t\t<\/div>\n\t\t\t\t\t<\/div>\n\t\t<\/div>\n\t\t\t\t\t<\/div>\n\t\t<\/section>\n\t\t\t\t<section class=\"elementor-section elementor-top-section elementor-element elementor-element-bfc262e elementor-section-boxed elementor-section-height-default elementor-section-height-default\" data-id=\"bfc262e\" data-element_type=\"section\" data-e-type=\"section\">\n\t\t\t\t\t\t<div class=\"elementor-container elementor-column-gap-default\">\n\t\t\t\t\t<div class=\"elementor-column elementor-col-25 elementor-top-column elementor-element elementor-element-dffa007\" data-id=\"dffa007\" data-element_type=\"column\" data-e-type=\"column\">\n\t\t\t<div class=\"elementor-widget-wrap\">\n\t\t\t\t\t\t\t<\/div>\n\t\t<\/div>\n\t\t\t\t<div class=\"elementor-column elementor-col-50 elementor-top-column elementor-element elementor-element-a8d058a\" data-id=\"a8d058a\" data-element_type=\"column\" data-e-type=\"column\">\n\t\t\t<div class=\"elementor-widget-wrap elementor-element-populated\">\n\t\t\t\t\t\t<div class=\"elementor-element elementor-element-170ede5 elementor-widget elementor-widget-heading\" data-id=\"170ede5\" data-element_type=\"widget\" data-e-type=\"widget\" data-widget_type=\"heading.default\">\n\t\t\t\t<div class=\"elementor-widget-container\">\n\t\t\t\t\t<h2 class=\"elementor-heading-title elementor-size-default\">Csatlakozz hozz\u00e1nk!<\/h2>\t\t\t\t<\/div>\n\t\t\t\t<\/div>\n\t\t\t\t<div class=\"elementor-element elementor-element-605a05e elementor-widget elementor-widget-text-editor\" data-id=\"605a05e\" data-element_type=\"widget\" data-e-type=\"widget\" data-widget_type=\"text-editor.default\">\n\t\t\t\t<div class=\"elementor-widget-container\">\n\t\t\t\t\t\t\t\t\t<p>Aktu\u00e1lis nyitott poz\u00edci\u00f3inkat az al\u00e1bbi list\u00e1ban tal\u00e1lod. Amennyiben \u00e9rdekel egy poz\u00edci\u00f3, kattints a c\u00edm\u00e9re, \u00e9s leny\u00edlik a le\u00edr\u00e1sa. Jelentkez\u00e9shez k\u00fcldd el f\u00e9nyk\u00e9pes \u00f6n\u00e9letrajzod a poz\u00edci\u00f3 megjel\u00f6l\u00e9s\u00e9vel az al\u00e1bbi email c\u00edmre:<\/p>\t\t\t\t\t\t\t\t<\/div>\n\t\t\t\t<\/div>\n\t\t\t\t<div class=\"elementor-element elementor-element-fa4762f elementor-widget elementor-widget-heading\" data-id=\"fa4762f\" data-element_type=\"widget\" data-e-type=\"widget\" data-widget_type=\"heading.default\">\n\t\t\t\t<div class=\"elementor-widget-container\">\n\t\t\t\t\t<h4 class=\"elementor-heading-title elementor-size-default\">karrier@zebraneo.hu<\/h4>\t\t\t\t<\/div>\n\t\t\t\t<\/div>\n\t\t\t\t<div class=\"elementor-element elementor-element-9cf1390 elementor-widget elementor-widget-spacer\" data-id=\"9cf1390\" data-element_type=\"widget\" data-e-type=\"widget\" data-widget_type=\"spacer.default\">\n\t\t\t\t<div class=\"elementor-widget-container\">\n\t\t\t\t\t\t\t<div class=\"elementor-spacer\">\n\t\t\t<div class=\"elementor-spacer-inner\"><\/div>\n\t\t<\/div>\n\t\t\t\t\t\t<\/div>\n\t\t\t\t<\/div>\n\t\t\t\t<div class=\"elementor-element elementor-element-79605f0 elementor-widget elementor-widget-elementskit-accordion\" data-id=\"79605f0\" data-element_type=\"widget\" data-e-type=\"widget\" data-widget_type=\"elementskit-accordion.default\">\n\t\t\t\t<div class=\"elementor-widget-container\">\n\t\t\t\t\t<div class=\"ekit-wid-con\" >\n        <div class=\"elementskit-accordion accoedion-primary\" id=\"accordion-69f39f9950749\">\n\n            \n                <div class=\"elementskit-card \">\n                    <div class=\"elementskit-card-header\" id=\"primaryHeading-0-79605f0\">\n                        <a href=\"#collapse-132b3cf69f39f9950749\" class=\"ekit-accordion--toggler elementskit-btn-link collapsed\" data-ekit-toggle=\"collapse\" data-target=\"#Collapse-132b3cf69f39f9950749\" aria-expanded=\"false\" aria-controls=\"Collapse-132b3cf69f39f9950749\">\n                            \n                            <span class=\"ekit-accordion-title\">Logisztikai munkat\u00e1rs<\/span>\n\n                            \n                                <div class=\"ekit_accordion_icon_group\">\n                                    <div class=\"ekit_accordion_normal_icon\">\n                                        <!-- Normal Icon -->\n\t\t\t\t\t\t\t\t\t\t<i class=\"icon icon-down-arrow1\"><\/i>                                    <\/div>\n\n                                    <div class=\"ekit_accordion_active_icon\">\n                                        <!-- Active Icon -->\n\t\t\t\t\t\t\t\t\t\t<i class=\"icon icon-up-arrow\"><\/i>                                    <\/div>\n                                <\/div>\n\n                            \n                                                    <\/a>\n                    <\/div>\n\n                    <div id=\"Collapse-132b3cf69f39f9950749\" class=\" collapse\" aria-labelledby=\"primaryHeading-0-79605f0\" data-parent=\"#accordion-69f39f9950749\">\n\n                        <div class=\"elementskit-card-body ekit-accordion--content\">\n                            <p>Poz\u00edci\u00f3 le\u00edr\u00e1sa<\/p>                        <\/div>\n\n                    <\/div>\n\n                <\/div><!-- .elementskit-card END -->\n\n                \n                <div class=\"elementskit-card \">\n                    <div class=\"elementskit-card-header\" id=\"primaryHeading-1-79605f0\">\n                        <a href=\"#collapse-186da2e69f39f9950749\" class=\"ekit-accordion--toggler elementskit-btn-link collapsed\" data-ekit-toggle=\"collapse\" data-target=\"#Collapse-186da2e69f39f9950749\" aria-expanded=\"false\" aria-controls=\"Collapse-186da2e69f39f9950749\">\n                            \n                            <span class=\"ekit-accordion-title\">V\u00e1m\u00fcgyint\u00e9z\u0151<\/span>\n\n                            \n                                <div class=\"ekit_accordion_icon_group\">\n                                    <div class=\"ekit_accordion_normal_icon\">\n                                        <!-- Normal Icon -->\n\t\t\t\t\t\t\t\t\t\t<i class=\"icon icon-down-arrow1\"><\/i>                                    <\/div>\n\n                                    <div class=\"ekit_accordion_active_icon\">\n                                        <!-- Active Icon -->\n\t\t\t\t\t\t\t\t\t\t<i class=\"icon icon-up-arrow\"><\/i>                                    <\/div>\n                                <\/div>\n\n                            \n                                                    <\/a>\n                    <\/div>\n\n                    <div id=\"Collapse-186da2e69f39f9950749\" class=\" collapse\" aria-labelledby=\"primaryHeading-1-79605f0\" data-parent=\"#accordion-69f39f9950749\">\n\n                        <div class=\"elementskit-card-body ekit-accordion--content\">\n                            <p>Poz\u00edci\u00f3 le\u00edr\u00e1sa<\/p>                        <\/div>\n\n                    <\/div>\n\n                <\/div><!-- .elementskit-card END -->\n\n                \n                <div class=\"elementskit-card \">\n                    <div class=\"elementskit-card-header\" id=\"primaryHeading-2-79605f0\">\n                        <a href=\"#collapse-7fc334769f39f9950749\" class=\"ekit-accordion--toggler elementskit-btn-link collapsed\" data-ekit-toggle=\"collapse\" data-target=\"#Collapse-7fc334769f39f9950749\" aria-expanded=\"false\" aria-controls=\"Collapse-7fc334769f39f9950749\">\n                            \n                            <span class=\"ekit-accordion-title\">Rakt\u00e1ros munkat\u00e1rs<\/span>\n\n                            \n                                <div class=\"ekit_accordion_icon_group\">\n                                    <div class=\"ekit_accordion_normal_icon\">\n                                        <!-- Normal Icon -->\n\t\t\t\t\t\t\t\t\t\t<i class=\"icon icon-down-arrow1\"><\/i>                                    <\/div>\n\n                                    <div class=\"ekit_accordion_active_icon\">\n                                        <!-- Active Icon -->\n\t\t\t\t\t\t\t\t\t\t<i class=\"icon icon-up-arrow\"><\/i>                                    <\/div>\n                                <\/div>\n\n                            \n                                                    <\/a>\n                    <\/div>\n\n                    <div id=\"Collapse-7fc334769f39f9950749\" class=\" collapse\" aria-labelledby=\"primaryHeading-2-79605f0\" data-parent=\"#accordion-69f39f9950749\">\n\n                        <div class=\"elementskit-card-body ekit-accordion--content\">\n                            <p>Poz\u00edci\u00f3 le\u00edr\u00e1sa<\/p>                        <\/div>\n\n                    <\/div>\n\n                <\/div><!-- .elementskit-card END -->\n\n                                        <\/div>\n    <\/div>\t\t\t\t<\/div>\n\t\t\t\t<\/div>\n\t\t\t\t\t<\/div>\n\t\t<\/div>\n\t\t\t\t<div class=\"elementor-column elementor-col-25 elementor-top-column elementor-element elementor-element-fdbf8bc\" data-id=\"fdbf8bc\" data-element_type=\"column\" data-e-type=\"column\">\n\t\t\t<div class=\"elementor-widget-wrap\">\n\t\t\t\t\t\t\t<\/div>\n\t\t<\/div>\n\t\t\t\t\t<\/div>\n\t\t<\/section>\n\t\t\t\t<section class=\"elementor-section elementor-top-section elementor-element elementor-element-eac6a0b elementor-section-boxed elementor-section-height-default elementor-section-height-default\" data-id=\"eac6a0b\" data-element_type=\"section\" data-e-type=\"section\">\n\t\t\t\t\t\t<div class=\"elementor-container elementor-column-gap-default\">\n\t\t\t\t\t<div class=\"elementor-column elementor-col-100 elementor-top-column elementor-element elementor-element-8d570c5\" data-id=\"8d570c5\" data-element_type=\"column\" data-e-type=\"column\">\n\t\t\t<div class=\"elementor-widget-wrap elementor-element-populated\">\n\t\t\t\t\t\t<div class=\"elementor-element elementor-element-5e37682 elementor-widget elementor-widget-spacer\" data-id=\"5e37682\" data-element_type=\"widget\" data-e-type=\"widget\" data-widget_type=\"spacer.default\">\n\t\t\t\t<div class=\"elementor-widget-container\">\n\t\t\t\t\t\t\t<div class=\"elementor-spacer\">\n\t\t\t<div class=\"elementor-spacer-inner\"><\/div>\n\t\t<\/div>\n\t\t\t\t\t\t<\/div>\n\t\t\t\t<\/div>\n\t\t\t\t\t<\/div>\n\t\t<\/div>\n\t\t\t\t\t<\/div>\n\t\t<\/section>\n\t\t\t\t<\/div>\n\t\t","protected":false},"excerpt":{"rendered":"<p>Csatlakozz hozz\u00e1nk! Aktu\u00e1lis nyitott poz\u00edci\u00f3inkat az al\u00e1bbi list\u00e1ban tal\u00e1lod. Amennyiben \u00e9rdekel egy poz\u00edci\u00f3, kattints a c\u00edm\u00e9re, \u00e9s leny\u00edlik a le\u00edr\u00e1sa. Jelentkez\u00e9shez k\u00fcldd el f\u00e9nyk\u00e9pes \u00f6n\u00e9letrajzod a poz\u00edci\u00f3 megjel\u00f6l\u00e9s\u00e9vel az al\u00e1bbi email c\u00edmre: karrier@zebraneo.hu Logisztikai munkat\u00e1rs Poz\u00edci\u00f3 le\u00edr\u00e1sa V\u00e1m\u00fcgyint\u00e9z\u0151 Poz\u00edci\u00f3 le\u00edr\u00e1sa Rakt\u00e1ros munkat\u00e1rs Poz\u00edci\u00f3 le\u00edr\u00e1sa<\/p>\n","protected":false},"author":1,"featured_media":0,"parent":0,"menu_order":0,"comment_status":"closed","ping_status":"closed","template":"","meta":{"footnotes":""},"class_list":["post-76","page","type-page","status-publish","hentry"],"_links":{"self":[{"href":"https:\/\/zebraneo.hu\/index.php\/wp-json\/wp\/v2\/pages\/76","targetHints":{"allow":["GET"]}}],"collection":[{"href":"https:\/\/zebraneo.hu\/index.php\/wp-json\/wp\/v2\/pages"}],"about":[{"href":"https:\/\/zebraneo.hu\/index.php\/wp-json\/wp\/v2\/types\/page"}],"author":[{"embeddable":true,"href":"https:\/\/zebraneo.hu\/index.php\/wp-json\/wp\/v2\/users\/1"}],"replies":[{"embeddable":true,"href":"https:\/\/zebraneo.hu\/index.php\/wp-json\/wp\/v2\/comments?post=76"}],"version-history":[{"count":0,"href":"https:\/\/zebraneo.hu\/index.php\/wp-json\/wp\/v2\/pages\/76\/revisions"}],"wp:attachment":[{"href":"https:\/\/zebraneo.hu\/index.php\/wp-json\/wp\/v2\/media?parent=76"}],"curies":[{"name":"wp","href":"https:\/\/api.w.org\/{rel}","templated":true}]}}