{"id":8933,"date":"2026-02-06T12:02:17","date_gmt":"2026-02-06T10:02:17","guid":{"rendered":"https:\/\/zebraneo.hu\/?page_id=8933"},"modified":"2026-02-06T12:15:11","modified_gmt":"2026-02-06T10:15:11","slug":"szechenyi-terv-plus","status":"publish","type":"page","link":"https:\/\/zebraneo.hu\/index.php\/szechenyi-terv-plus\/","title":{"rendered":"szechenyi terv plus"},"content":{"rendered":"\t\t<div data-elementor-type=\"wp-page\" data-elementor-id=\"8933\" class=\"elementor elementor-8933\">\n\t\t\t\t\t\t<section class=\"elementor-section elementor-top-section elementor-element elementor-element-932dc3d elementor-section-boxed elementor-section-height-default elementor-section-height-default\" data-id=\"932dc3d\" data-element_type=\"section\" data-e-type=\"section\">\n\t\t\t\t\t\t<div class=\"elementor-container elementor-column-gap-default\">\n\t\t\t\t\t<div class=\"elementor-column elementor-col-100 elementor-top-column elementor-element elementor-element-e3f12c4\" data-id=\"e3f12c4\" data-element_type=\"column\" data-e-type=\"column\">\n\t\t\t<div class=\"elementor-widget-wrap elementor-element-populated\">\n\t\t\t\t\t\t<div class=\"elementor-element elementor-element-3b1b19a elementor-widget elementor-widget-spacer\" data-id=\"3b1b19a\" data-element_type=\"widget\" data-e-type=\"widget\" data-widget_type=\"spacer.default\">\n\t\t\t\t<div class=\"elementor-widget-container\">\n\t\t\t\t\t\t\t<div class=\"elementor-spacer\">\n\t\t\t<div class=\"elementor-spacer-inner\"><\/div>\n\t\t<\/div>\n\t\t\t\t\t\t<\/div>\n\t\t\t\t<\/div>\n\t\t\t\t<div class=\"elementor-element elementor-element-9868940 elementor-widget elementor-widget-heading\" data-id=\"9868940\" data-element_type=\"widget\" data-e-type=\"widget\" data-widget_type=\"heading.default\">\n\t\t\t\t<div class=\"elementor-widget-container\">\n\t\t\t\t\t<h2 class=\"elementor-heading-title elementor-size-default\">Sz\u00e9chenyi Terv Plusz p\u00e1ly\u00e1zat<\/h2>\t\t\t\t<\/div>\n\t\t\t\t<\/div>\n\t\t\t\t<div class=\"elementor-element elementor-element-a9e3600 elementor-widget elementor-widget-spacer\" data-id=\"a9e3600\" data-element_type=\"widget\" data-e-type=\"widget\" data-widget_type=\"spacer.default\">\n\t\t\t\t<div class=\"elementor-widget-container\">\n\t\t\t\t\t\t\t<div class=\"elementor-spacer\">\n\t\t\t<div class=\"elementor-spacer-inner\"><\/div>\n\t\t<\/div>\n\t\t\t\t\t\t<\/div>\n\t\t\t\t<\/div>\n\t\t\t\t\t<\/div>\n\t\t<\/div>\n\t\t\t\t\t<\/div>\n\t\t<\/section>\n\t\t\t\t<section class=\"elementor-section elementor-top-section elementor-element elementor-element-3bca16c elementor-section-content-middle elementor-section-boxed elementor-section-height-default elementor-section-height-default\" data-id=\"3bca16c\" data-element_type=\"section\" data-e-type=\"section\">\n\t\t\t\t\t\t<div class=\"elementor-container elementor-column-gap-default\">\n\t\t\t\t\t<div class=\"elementor-column elementor-col-50 elementor-top-column elementor-element elementor-element-1882b32\" data-id=\"1882b32\" data-element_type=\"column\" data-e-type=\"column\">\n\t\t\t<div class=\"elementor-widget-wrap elementor-element-populated\">\n\t\t\t\t\t\t<div class=\"elementor-element elementor-element-47202bb elementor-widget elementor-widget-image\" data-id=\"47202bb\" data-element_type=\"widget\" data-e-type=\"widget\" data-widget_type=\"image.default\">\n\t\t\t\t<div class=\"elementor-widget-container\">\n\t\t\t\t\t\t\t\t\t\t\t\t\t\t\t<img fetchpriority=\"high\" decoding=\"async\" width=\"800\" height=\"239\" src=\"https:\/\/zebraneo.hu\/wp-content\/uploads\/2026\/02\/MFF_kedvezmenyezetti_infoblokk_keretes-1024x306.jpg\" class=\"attachment-large size-large wp-image-8934\" alt=\"\" srcset=\"https:\/\/zebraneo.hu\/wp-content\/uploads\/2026\/02\/MFF_kedvezmenyezetti_infoblokk_keretes-1024x306.jpg 1024w, https:\/\/zebraneo.hu\/wp-content\/uploads\/2026\/02\/MFF_kedvezmenyezetti_infoblokk_keretes-300x90.jpg 300w, https:\/\/zebraneo.hu\/wp-content\/uploads\/2026\/02\/MFF_kedvezmenyezetti_infoblokk_keretes-768x230.jpg 768w, https:\/\/zebraneo.hu\/wp-content\/uploads\/2026\/02\/MFF_kedvezmenyezetti_infoblokk_keretes.jpg 1504w\" sizes=\"(max-width: 800px) 100vw, 800px\" \/>\t\t\t\t\t\t\t\t\t\t\t\t\t\t\t<\/div>\n\t\t\t\t<\/div>\n\t\t\t\t<div class=\"elementor-element elementor-element-3830331 elementor-widget elementor-widget-spacer\" data-id=\"3830331\" data-element_type=\"widget\" data-e-type=\"widget\" data-widget_type=\"spacer.default\">\n\t\t\t\t<div class=\"elementor-widget-container\">\n\t\t\t\t\t\t\t<div class=\"elementor-spacer\">\n\t\t\t<div class=\"elementor-spacer-inner\"><\/div>\n\t\t<\/div>\n\t\t\t\t\t\t<\/div>\n\t\t\t\t<\/div>\n\t\t\t\t\t<\/div>\n\t\t<\/div>\n\t\t\t\t<div class=\"elementor-column elementor-col-50 elementor-top-column elementor-element elementor-element-9a56a5c\" data-id=\"9a56a5c\" data-element_type=\"column\" data-e-type=\"column\">\n\t\t\t<div class=\"elementor-widget-wrap elementor-element-populated\">\n\t\t\t\t\t\t<div class=\"elementor-element elementor-element-ae591f7 elementor-widget elementor-widget-text-editor\" data-id=\"ae591f7\" data-element_type=\"widget\" data-e-type=\"widget\" data-widget_type=\"text-editor.default\">\n\t\t\t\t<div class=\"elementor-widget-container\">\n\t\t\t\t\t\t\t\t\t<p>Kedvezm\u00e9nyezett neve:\u00a0ZEBRA NEO 2014 KFT.<\/p><p>A projekt c\u00edme:\u00a0&#8222;<strong>A munkav\u00e1llal\u00f3k \u00e9s v\u00e1llalatok alkalmazkod\u00f3k\u00e9pess\u00e9g\u00e9nek \u00e9s termel\u00e9kenys\u00e9g\u00e9nek jav\u00edt\u00e1sa a munkaer\u0151 fejleszt\u00e9s\u00e9n kereszt\u00fcl<\/strong>&#8222;<\/p><ul><li>a szerz\u0151d\u00f6tt t\u00e1mogat\u00e1s \u00f6sszege: 6 669 741 Ft,<\/li><li>a k\u00e9pz\u00e9sek tervezett befejez\u00e9si d\u00e1tuma: 2026.08.12.\u00a0<\/li><li>a k\u00e9pz\u00e9sek elnevez\u00e9se \u00e9s c\u00e9lja: V\u00e1llalkoz\u00e1sunk 4 db k\u00e9pz\u00e9st folytat le a p\u00e1ly\u00e1zat keret\u00e9ben. N\u00e9v szerint: \u201eAsszert\u00edv kommunik\u00e1ci\u00f3\u201d, \u201eExcel halad\u00f3 k\u00e9pz\u00e9s\u201d, \u201eDigit\u00e1lis munkafolyamatok fejleszt\u00e9se (Word, Excel)\u201d \u00e9s \u201eA mesters\u00e9ges intelligencia alapjai\u201d. C\u00e9g\u00fcnk piack\u00e9pess\u00e9g\u00e9g\u00e9nek meg\u0151rz\u00e9se \u00e9rdek\u00e9ben folyamatosan keress\u00fck a fejl\u0151d\u00e9si lehet\u0151s\u00e9geket. Hisz\u00fcnk abban, hogy a munkav\u00e1llal\u00f3ink k\u00e9pz\u00e9se a v\u00e1llalkoz\u00e1s sikeress\u00e9g\u00e9nek egyik kulcsa, ez\u00e9rt igyeksz\u00fcnk v\u00e1ltozatos k\u00e9pz\u00e9sekben r\u00e9szes\u00edteni munkav\u00e1llal\u00f3inkat.<\/li><\/ul><p><strong>A k\u00e9pz\u00e9sek r\u00e9szletes bemutat\u00e1sa<\/strong>:<\/p><ul><li style=\"list-style-type: none;\"><ul><li><u><strong>Asszert\u00edv kommunik\u00e1ci\u00f3<\/strong>:<\/u>\u00a0A k\u00e9pz\u00e9s a szem\u00e9lyes jogok ir\u00e1nti nagyobb tudatoss\u00e1gra, az asszert\u00edv \u00e9s nem asszert\u00edv viselked\u00e9sform\u00e1k, valamint a passz\u00edv \u00e9s agressz\u00edv viselked\u00e9sm\u00f3dok k\u00f6z\u00f6tti k\u00fcl\u00f6nbs\u00e9gt\u00e9telre \u00f6sszpontos\u00edt. T\u00f6rekszik a verb\u00e1lis \u00e9s nonverb\u00e1lis asszert\u00edv k\u00e9szs\u00e9gek elsaj\u00e1t\u00edt\u00e1s\u00e1ra is, a passz\u00edv m\u00f3don viselked\u0151k, az agressz\u00edv emberek kommunik\u00e1ci\u00f3j\u00e1t gyakorlatokon kereszt\u00fcl szeml\u00e9lteti. Tov\u00e1bb\u00e1 gyakorlatokon kereszt\u00fcl az asszert\u00edv kommunik\u00e1ci\u00f3 technik\u00e1it veszik alapul: T\u00f6r\u00f6tt lemez; K\u00f6d\u00f6s\u00edt\u00e9s; Negat\u00edv \u00e9rdekl\u0151d\u00e9s; Negat\u00edv meger\u0151s\u00edt\u00e9s; \u00c9n-k\u00f6zl\u00e9s.<\/li><li><strong><u>Digit\u00e1lis munkafolyamatok fejleszt\u00e9se (Word, Excel)<\/u><\/strong>: Digit\u00e1lis dokumentumok kezel\u00e9se (f\u00e1jlok ment\u00e9se, verzi\u00f3k\u00f6vet\u00e9s, megoszt\u00e1s)Word alapok \u00e9s halad\u00f3 funkci\u00f3k (st\u00edlusok, tartalomjegyz\u00e9k, szakaszok kezel\u00e9se)Excel alapok a munkafolyamatokban (adatbevitel, k\u00e9pletek, egyszer\u0171 kimutat\u00e1sok)Word\u2013Excel \u00f6sszekapcsol\u00e1s (pl. k\u00f6rlev\u00e9l Excel adatb\u00e1zisb\u00f3l)Sablonok \u00e9s automatiz\u00e1lt dokumentumok l\u00e9trehoz\u00e1sa. Hat\u00e9kony adatkezel\u00e9s: sz\u0171r\u00e9s, rendez\u00e9s, adatellen\u0151rz\u00e9s Excelben. Egy\u00fcttm\u0171k\u00f6d\u00e9s \u00e9s k\u00f6z\u00f6s dokumentumszerkeszt\u00e9s (pl. megosztott f\u00e1jlok Office 365-ben)<\/li><li><u><strong>Excel halad\u00f3 k\u00e9pz\u00e9s<\/strong>: <\/u>A k\u00e9pz\u00e9s c\u00e9lja, hogy a r\u00e9sztvev\u0151k m\u00e1r megl\u00e9v\u0151\u00a0alapismereteire \u00e9p\u00edtve k\u00e9pesek legyenek Microsoft Excel szoftverprogrammal \u00f6sszetettebb t\u00e1bl\u00e1zatok k\u00e9sz\u00edt\u00e9s\u00e9re, form\u00e1z\u00e1s\u00e1ra, halad\u00f3 szint\u0171 f\u00fcggv\u00e9nyek \u00e9s k\u00e9pletek alkalmaz\u00e1s\u00e1ra, diagramok k\u00e9sz\u00edt\u00e9s\u00e9re.\u00a0<\/li><li><u><strong>A mesters\u00e9ges intelligencia alapjai<\/strong>:<\/u>\u00a0A k\u00e9pz\u00e9s c\u00e9lja, hogy a r\u00e9sztvev\u0151k megismerj\u00e9k a mesters\u00e9ges intelligencia (MI) alapelveit, m\u0171k\u00f6d\u00e9s\u00e9t \u00e9s gyakorlati alkalmaz\u00e1sait az informatika k\u00fcl\u00f6nb\u00f6z\u0151 ter\u00fcletein, valamint k\u00e9pesek legyenek \u00f6n\u00e1ll\u00f3an alkalmazni MI-alap\u00fa megold\u00e1sokat egyszer\u0171bb feladatokra, illetve tudatosan eligazodni a modern digit\u00e1lis technol\u00f3gi\u00e1k k\u00f6z\u00f6tt.<\/li><\/ul><\/li><\/ul>\t\t\t\t\t\t\t\t<\/div>\n\t\t\t\t<\/div>\n\t\t\t\t\t<\/div>\n\t\t<\/div>\n\t\t\t\t\t<\/div>\n\t\t<\/section>\n\t\t\t\t<section class=\"elementor-section elementor-top-section elementor-element elementor-element-b673cd5 elementor-section-boxed elementor-section-height-default elementor-section-height-default\" data-id=\"b673cd5\" data-element_type=\"section\" data-e-type=\"section\">\n\t\t\t\t\t\t<div class=\"elementor-container elementor-column-gap-default\">\n\t\t\t\t\t<div class=\"elementor-column elementor-col-100 elementor-top-column elementor-element elementor-element-45c3324\" data-id=\"45c3324\" data-element_type=\"column\" data-e-type=\"column\">\n\t\t\t<div class=\"elementor-widget-wrap elementor-element-populated\">\n\t\t\t\t\t\t<div class=\"elementor-element elementor-element-6681821 elementor-widget elementor-widget-spacer\" data-id=\"6681821\" data-element_type=\"widget\" data-e-type=\"widget\" data-widget_type=\"spacer.default\">\n\t\t\t\t<div class=\"elementor-widget-container\">\n\t\t\t\t\t\t\t<div class=\"elementor-spacer\">\n\t\t\t<div class=\"elementor-spacer-inner\"><\/div>\n\t\t<\/div>\n\t\t\t\t\t\t<\/div>\n\t\t\t\t<\/div>\n\t\t\t\t\t<\/div>\n\t\t<\/div>\n\t\t\t\t\t<\/div>\n\t\t<\/section>\n\t\t\t\t<\/div>\n\t\t","protected":false},"excerpt":{"rendered":"<p>Sz\u00e9chenyi Terv Plusz p\u00e1ly\u00e1zat Kedvezm\u00e9nyezett neve:\u00a0ZEBRA NEO 2014 KFT. A projekt c\u00edme:\u00a0&#8222;A munkav\u00e1llal\u00f3k \u00e9s v\u00e1llalatok alkalmazkod\u00f3k\u00e9pess\u00e9g\u00e9nek \u00e9s termel\u00e9kenys\u00e9g\u00e9nek jav\u00edt\u00e1sa a munkaer\u0151 fejleszt\u00e9s\u00e9n kereszt\u00fcl&#8222; a szerz\u0151d\u00f6tt t\u00e1mogat\u00e1s \u00f6sszege: 6 669 741 Ft, a k\u00e9pz\u00e9sek tervezett befejez\u00e9si d\u00e1tuma: 2026.08.12.\u00a0 a k\u00e9pz\u00e9sek elnevez\u00e9se \u00e9s c\u00e9lja: V\u00e1llalkoz\u00e1sunk 4 db k\u00e9pz\u00e9st folytat le a p\u00e1ly\u00e1zat keret\u00e9ben. N\u00e9v szerint: \u201eAsszert\u00edv kommunik\u00e1ci\u00f3\u201d, [&hellip;]<\/p>\n","protected":false},"author":3,"featured_media":0,"parent":0,"menu_order":0,"comment_status":"closed","ping_status":"closed","template":"","meta":{"footnotes":""},"class_list":["post-8933","page","type-page","status-publish","hentry"],"_links":{"self":[{"href":"https:\/\/zebraneo.hu\/index.php\/wp-json\/wp\/v2\/pages\/8933","targetHints":{"allow":["GET"]}}],"collection":[{"href":"https:\/\/zebraneo.hu\/index.php\/wp-json\/wp\/v2\/pages"}],"about":[{"href":"https:\/\/zebraneo.hu\/index.php\/wp-json\/wp\/v2\/types\/page"}],"author":[{"embeddable":true,"href":"https:\/\/zebraneo.hu\/index.php\/wp-json\/wp\/v2\/users\/3"}],"replies":[{"embeddable":true,"href":"https:\/\/zebraneo.hu\/index.php\/wp-json\/wp\/v2\/comments?post=8933"}],"version-history":[{"count":7,"href":"https:\/\/zebraneo.hu\/index.php\/wp-json\/wp\/v2\/pages\/8933\/revisions"}],"predecessor-version":[{"id":8941,"href":"https:\/\/zebraneo.hu\/index.php\/wp-json\/wp\/v2\/pages\/8933\/revisions\/8941"}],"wp:attachment":[{"href":"https:\/\/zebraneo.hu\/index.php\/wp-json\/wp\/v2\/media?parent=8933"}],"curies":[{"name":"wp","href":"https:\/\/api.w.org\/{rel}","templated":true}]}}